{"id":1036,"date":"2024-10-30T09:38:24","date_gmt":"2024-10-30T08:38:24","guid":{"rendered":"https:\/\/telemesure.com\/?page_id=1036"},"modified":"2025-04-07T12:28:21","modified_gmt":"2025-04-07T10:28:21","slug":"actualites","status":"publish","type":"page","link":"https:\/\/telemesure.com\/index.php\/actualites\/","title":{"rendered":"Blog"},"content":{"rendered":"\n<p><\/p>\n\n\n<ul style=\"padding-top:0;padding-bottom:0;padding-left:0;padding-right:0;margin-top:0;margin-bottom:0;\" class=\"wp-block-latest-posts__list has-dates ticss-4068ab4c wp-block-latest-posts\"><li><div class=\"wp-block-latest-posts__featured-image alignleft\"><a href=\"https:\/\/telemesure.com\/index.php\/2024\/10\/30\/update-04\/\" aria-label=\"Rapport PDF, gestions de Zones &amp; protocol UDP, les nouveaut\u00e9s d&rsquo;octobre\"><img decoding=\"async\" width=\"150\" height=\"150\" src=\"https:\/\/telemesure.com\/wp-content\/uploads\/2024\/10\/Telemesure_Gestion_Zones_01-150x150.png\" class=\"attachment-thumbnail size-thumbnail wp-post-image\" alt=\"Gestion des localisations sur telemesure.net\" style=\"\" \/><\/a><\/div><a class=\"wp-block-latest-posts__post-title\" href=\"https:\/\/telemesure.com\/index.php\/2024\/10\/30\/update-04\/\">Rapport PDF, gestions de Zones &amp; protocol UDP, les nouveaut\u00e9s d&rsquo;octobre<\/a><time datetime=\"2024-10-30T13:00:00+01:00\" class=\"wp-block-latest-posts__post-date\">30\/10\/2024<\/time><div class=\"wp-block-latest-posts__post-excerpt\">D\u00e9couvrez en exclusivit\u00e9 les derni\u00e8res innovations d\u2019octobre sur Telemesure.net !  Simplifiez la gestion de vos donn\u00e9es IoT gr\u00e2ce \u00e0 notre moteur de rapports PDF et g\u00e9rez vos transmetteurs par zones pour une organisation optimale. Optimisez le d\u00e9ploiement de vos dispositifs avec notre interface de gestion des QAK pour revendeurs. Profitez de ces fonctionnalit\u00e9s puissantes pour am\u00e9liorer vos processus d\u00e9cisionnels !<\/div><\/li>\n<li><div class=\"wp-block-latest-posts__featured-image alignleft\"><a href=\"https:\/\/telemesure.com\/index.php\/2024\/09\/12\/update-03\/\" aria-label=\"Acc\u00e9l\u00e9rez vos Projets IoT avec le Quick Activation Code\"><img decoding=\"async\" width=\"150\" height=\"150\" src=\"https:\/\/telemesure.com\/wp-content\/uploads\/2024\/10\/66e158d3636f973c3e1619f0-150x150.jpg\" class=\"attachment-thumbnail size-thumbnail wp-post-image\" alt=\"Un code QAK pour l&#039;IOT\" style=\"\" \/><\/a><\/div><a class=\"wp-block-latest-posts__post-title\" href=\"https:\/\/telemesure.com\/index.php\/2024\/09\/12\/update-03\/\">Acc\u00e9l\u00e9rez vos Projets IoT avec le Quick Activation Code<\/a><time datetime=\"2024-09-12T09:00:00+02:00\" class=\"wp-block-latest-posts__post-date\">12\/09\/2024<\/time><div class=\"wp-block-latest-posts__post-excerpt\">Avec la rentr\u00e9e, Telemesure innove en simplifiant la gestion IoT gr\u00e2ce au Quick Activation Code (QAK) qui permet une activation ultra-rapide des dispositifs. La tra\u00e7abilit\u00e9 des communications est optimis\u00e9e, assurant un suivi pr\u00e9cis des emails, SMS et appels vocaux. L&rsquo;application mobile mise \u00e0 jour facilite l&rsquo;ajout et la gestion des transmetteurs via des fonctions telles que le scanner QAK, la gestion des favoris et la recherche instantan\u00e9e. En cas d&rsquo;urgence, les appels vocaux en cascade garantissent une r\u00e9activit\u00e9 in\u00e9gal\u00e9e, assurant que chaque alerte est trait\u00e9e sans d\u00e9lai&#8230;<\/div><\/li>\n<li><div class=\"wp-block-latest-posts__featured-image alignleft\"><a href=\"https:\/\/telemesure.com\/index.php\/2024\/05\/31\/update-02\/\" aria-label=\"Naviguez et Acc\u00e9dez aux Donn\u00e9es Plus Facilement\"><img decoding=\"async\" width=\"150\" height=\"150\" src=\"https:\/\/telemesure.com\/wp-content\/uploads\/2024\/10\/647700e373e7554f737b281c-150x150.png\" class=\"attachment-thumbnail size-thumbnail wp-post-image\" alt=\"Navigation dans les donn\u00e9es de l&#039;hyperviseur\" style=\"\" \/><\/a><\/div><a class=\"wp-block-latest-posts__post-title\" href=\"https:\/\/telemesure.com\/index.php\/2024\/05\/31\/update-02\/\">Naviguez et Acc\u00e9dez aux Donn\u00e9es Plus Facilement<\/a><time datetime=\"2024-05-31T09:00:00+02:00\" class=\"wp-block-latest-posts__post-date\">31\/05\/2024<\/time><div class=\"wp-block-latest-posts__post-excerpt\">Une nouvelle interface simplifi\u00e9e pour les Transmetteurs facilite la navigation avec quatre zones principales, incluant des informations essentielles et des indicateurs de statut. La barre de navigation contextuelle optimise l&rsquo;acc\u00e8s aux donn\u00e9es, tandis que l&rsquo;application mobile Telemesure propose d\u00e9sormais des donn\u00e9es en temps r\u00e9el. La s\u00e9curit\u00e9 s&rsquo;enrichit \u00e9galement avec la double authentification, s\u00e9curisant davantage l&rsquo;acc\u00e8s pour les administrateurs.<\/div><\/li>\n<li><div class=\"wp-block-latest-posts__featured-image alignleft\"><a href=\"https:\/\/telemesure.com\/index.php\/2023\/01\/27\/update-01\/\" aria-label=\"Nouvelles fonctions\"><img decoding=\"async\" width=\"150\" height=\"150\" src=\"https:\/\/telemesure.com\/wp-content\/uploads\/2023\/01\/photo-1541534741688-6078c6bfb5c5-150x150.jpg\" class=\"attachment-thumbnail size-thumbnail wp-post-image\" alt=\"La force de telemesure.net\" style=\"\" \/><\/a><\/div><a class=\"wp-block-latest-posts__post-title\" href=\"https:\/\/telemesure.com\/index.php\/2023\/01\/27\/update-01\/\">Nouvelles fonctions<\/a><time datetime=\"2023-01-27T09:00:00+01:00\" class=\"wp-block-latest-posts__post-date\">27\/01\/2023<\/time><div class=\"wp-block-latest-posts__post-excerpt\">Le syst\u00e8me Trigger \u00e9volue ainsi que les D\u00e9clencheur pour une flexibilit\u00e9 accrue avec les Transmetteurs. Un menu pour les gateways Lora, double authentification et gestion des newsletters am\u00e9liorent s\u00e9curit\u00e9 et personnalisation. La plateforme affiche une disponibilit\u00e9 de 99.9968% en 2022, et int\u00e8gre le r\u00e9seau IOT d&rsquo;Astrocast pour de nouvelles communications.<\/div><\/li>\n<\/ul>","protected":false},"excerpt":{"rendered":"","protected":false},"author":1,"featured_media":0,"parent":0,"menu_order":0,"comment_status":"closed","ping_status":"closed","template":"","meta":{"_themeisle_gutenberg_block_has_review":false,"footnotes":""},"class_list":["post-1036","page","type-page","status-publish","hentry"],"yoast_head":"<!-- This site is optimized with the Yoast SEO plugin v27.5 - https:\/\/yoast.com\/product\/yoast-seo-wordpress\/ -->\n<title>Blog - Telemesure.net<\/title>\n<meta name=\"robots\" content=\"index, follow, max-snippet:-1, max-image-preview:large, max-video-preview:-1\" \/>\n<link rel=\"canonical\" href=\"https:\/\/telemesure.com\/index.php\/actualites\/\" \/>\n<meta property=\"og:locale\" content=\"fr_FR\" \/>\n<meta property=\"og:type\" content=\"article\" \/>\n<meta property=\"og:title\" content=\"Blog - Telemesure.net\" \/>\n<meta property=\"og:url\" content=\"https:\/\/telemesure.com\/index.php\/actualites\/\" \/>\n<meta property=\"og:site_name\" content=\"Telemesure.net\" \/>\n<meta property=\"article:modified_time\" content=\"2025-04-07T10:28:21+00:00\" \/>\n<meta name=\"twitter:card\" content=\"summary_large_image\" \/>\n<script type=\"application\/ld+json\" class=\"yoast-schema-graph\">{\"@context\":\"https:\\\/\\\/schema.org\",\"@graph\":[{\"@type\":\"WebPage\",\"@id\":\"https:\\\/\\\/telemesure.com\\\/index.php\\\/actualites\\\/\",\"url\":\"https:\\\/\\\/telemesure.com\\\/index.php\\\/actualites\\\/\",\"name\":\"Blog - Telemesure.net\",\"isPartOf\":{\"@id\":\"https:\\\/\\\/telemesure.com\\\/#website\"},\"datePublished\":\"2024-10-30T08:38:24+00:00\",\"dateModified\":\"2025-04-07T10:28:21+00:00\",\"breadcrumb\":{\"@id\":\"https:\\\/\\\/telemesure.com\\\/index.php\\\/actualites\\\/#breadcrumb\"},\"inLanguage\":\"fr-FR\",\"potentialAction\":[{\"@type\":\"ReadAction\",\"target\":[\"https:\\\/\\\/telemesure.com\\\/index.php\\\/actualites\\\/\"]}]},{\"@type\":\"BreadcrumbList\",\"@id\":\"https:\\\/\\\/telemesure.com\\\/index.php\\\/actualites\\\/#breadcrumb\",\"itemListElement\":[{\"@type\":\"ListItem\",\"position\":1,\"name\":\"Home\",\"item\":\"https:\\\/\\\/telemesure.com\\\/\"},{\"@type\":\"ListItem\",\"position\":2,\"name\":\"Blog\"}]},{\"@type\":\"WebSite\",\"@id\":\"https:\\\/\\\/telemesure.com\\\/#website\",\"url\":\"https:\\\/\\\/telemesure.com\\\/\",\"name\":\"Telemesure\",\"description\":\"Plateforme d&#039;Hypervision IoT multi-r\u00e9seau , D\u00e9velopp\u00e9e par la SNOC pour la gestion des objets connect\u00e9s.\",\"publisher\":{\"@id\":\"https:\\\/\\\/telemesure.com\\\/#organization\"},\"potentialAction\":[{\"@type\":\"SearchAction\",\"target\":{\"@type\":\"EntryPoint\",\"urlTemplate\":\"https:\\\/\\\/telemesure.com\\\/?s={search_term_string}\"},\"query-input\":{\"@type\":\"PropertyValueSpecification\",\"valueRequired\":true,\"valueName\":\"search_term_string\"}}],\"inLanguage\":\"fr-FR\"},{\"@type\":\"Organization\",\"@id\":\"https:\\\/\\\/telemesure.com\\\/#organization\",\"name\":\"Telemesure\",\"url\":\"https:\\\/\\\/telemesure.com\\\/\",\"logo\":{\"@type\":\"ImageObject\",\"inLanguage\":\"fr-FR\",\"@id\":\"https:\\\/\\\/telemesure.com\\\/#\\\/schema\\\/logo\\\/image\\\/\",\"url\":\"https:\\\/\\\/telemesure.com\\\/wp-content\\\/uploads\\\/2024\\\/09\\\/logo-telemesure.net-FINAL-RGB-72dpi_06042018.jpg\",\"contentUrl\":\"https:\\\/\\\/telemesure.com\\\/wp-content\\\/uploads\\\/2024\\\/09\\\/logo-telemesure.net-FINAL-RGB-72dpi_06042018.jpg\",\"width\":766,\"height\":164,\"caption\":\"Telemesure\"},\"image\":{\"@id\":\"https:\\\/\\\/telemesure.com\\\/#\\\/schema\\\/logo\\\/image\\\/\"}}]}<\/script>\n<!-- \/ Yoast SEO plugin. -->","yoast_head_json":{"title":"Blog - Telemesure.net","robots":{"index":"index","follow":"follow","max-snippet":"max-snippet:-1","max-image-preview":"max-image-preview:large","max-video-preview":"max-video-preview:-1"},"canonical":"https:\/\/telemesure.com\/index.php\/actualites\/","og_locale":"fr_FR","og_type":"article","og_title":"Blog - Telemesure.net","og_url":"https:\/\/telemesure.com\/index.php\/actualites\/","og_site_name":"Telemesure.net","article_modified_time":"2025-04-07T10:28:21+00:00","twitter_card":"summary_large_image","schema":{"@context":"https:\/\/schema.org","@graph":[{"@type":"WebPage","@id":"https:\/\/telemesure.com\/index.php\/actualites\/","url":"https:\/\/telemesure.com\/index.php\/actualites\/","name":"Blog - Telemesure.net","isPartOf":{"@id":"https:\/\/telemesure.com\/#website"},"datePublished":"2024-10-30T08:38:24+00:00","dateModified":"2025-04-07T10:28:21+00:00","breadcrumb":{"@id":"https:\/\/telemesure.com\/index.php\/actualites\/#breadcrumb"},"inLanguage":"fr-FR","potentialAction":[{"@type":"ReadAction","target":["https:\/\/telemesure.com\/index.php\/actualites\/"]}]},{"@type":"BreadcrumbList","@id":"https:\/\/telemesure.com\/index.php\/actualites\/#breadcrumb","itemListElement":[{"@type":"ListItem","position":1,"name":"Home","item":"https:\/\/telemesure.com\/"},{"@type":"ListItem","position":2,"name":"Blog"}]},{"@type":"WebSite","@id":"https:\/\/telemesure.com\/#website","url":"https:\/\/telemesure.com\/","name":"Telemesure","description":"Plateforme d&#039;Hypervision IoT multi-r\u00e9seau , D\u00e9velopp\u00e9e par la SNOC pour la gestion des objets connect\u00e9s.","publisher":{"@id":"https:\/\/telemesure.com\/#organization"},"potentialAction":[{"@type":"SearchAction","target":{"@type":"EntryPoint","urlTemplate":"https:\/\/telemesure.com\/?s={search_term_string}"},"query-input":{"@type":"PropertyValueSpecification","valueRequired":true,"valueName":"search_term_string"}}],"inLanguage":"fr-FR"},{"@type":"Organization","@id":"https:\/\/telemesure.com\/#organization","name":"Telemesure","url":"https:\/\/telemesure.com\/","logo":{"@type":"ImageObject","inLanguage":"fr-FR","@id":"https:\/\/telemesure.com\/#\/schema\/logo\/image\/","url":"https:\/\/telemesure.com\/wp-content\/uploads\/2024\/09\/logo-telemesure.net-FINAL-RGB-72dpi_06042018.jpg","contentUrl":"https:\/\/telemesure.com\/wp-content\/uploads\/2024\/09\/logo-telemesure.net-FINAL-RGB-72dpi_06042018.jpg","width":766,"height":164,"caption":"Telemesure"},"image":{"@id":"https:\/\/telemesure.com\/#\/schema\/logo\/image\/"}}]}},"_links":{"self":[{"href":"https:\/\/telemesure.com\/index.php\/wp-json\/wp\/v2\/pages\/1036","targetHints":{"allow":["GET"]}}],"collection":[{"href":"https:\/\/telemesure.com\/index.php\/wp-json\/wp\/v2\/pages"}],"about":[{"href":"https:\/\/telemesure.com\/index.php\/wp-json\/wp\/v2\/types\/page"}],"author":[{"embeddable":true,"href":"https:\/\/telemesure.com\/index.php\/wp-json\/wp\/v2\/users\/1"}],"replies":[{"embeddable":true,"href":"https:\/\/telemesure.com\/index.php\/wp-json\/wp\/v2\/comments?post=1036"}],"version-history":[{"count":7,"href":"https:\/\/telemesure.com\/index.php\/wp-json\/wp\/v2\/pages\/1036\/revisions"}],"predecessor-version":[{"id":1378,"href":"https:\/\/telemesure.com\/index.php\/wp-json\/wp\/v2\/pages\/1036\/revisions\/1378"}],"wp:attachment":[{"href":"https:\/\/telemesure.com\/index.php\/wp-json\/wp\/v2\/media?parent=1036"}],"curies":[{"name":"wp","href":"https:\/\/api.w.org\/{rel}","templated":true}]}}