{"id":671,"date":"2024-10-08T14:32:00","date_gmt":"2024-10-08T12:32:00","guid":{"rendered":"https:\/\/telemesure.com\/?page_id=671"},"modified":"2024-12-17T17:05:02","modified_gmt":"2024-12-17T16:05:02","slug":"plateforme-multi-reseau-connectivite-simplifiee","status":"publish","type":"page","link":"https:\/\/telemesure.com\/index.php\/plateforme-multi-reseau-connectivite-simplifiee\/","title":{"rendered":"L&rsquo;offre multi-r\u00e9seau int\u00e9gr\u00e9e"},"content":{"rendered":"\n<section id=\"wp-block-themeisle-blocks-advanced-columns-335a2f03\" class=\"wp-block-themeisle-blocks-advanced-columns alignfull has-1-columns has-desktop-equal-layout has-tablet-equal-layout has-mobile-equal-layout has-vertical-flex-start\"><div class=\"wp-block-themeisle-blocks-advanced-columns-overlay\"><\/div><div class=\"innerblocks-wrap\">\n<div id=\"wp-block-themeisle-blocks-advanced-column-5d90343f\" class=\"wp-block-themeisle-blocks-advanced-column\">\n<div class=\"wp-block-columns alignwide are-vertically-aligned-top is-layout-flex wp-container-core-columns-is-layout-c5150b4a wp-block-columns-is-layout-flex\">\n<div class=\"wp-block-column is-vertically-aligned-top is-layout-flow wp-block-column-is-layout-flow\" style=\"flex-basis:33.33%\">\n<figure class=\"wp-block-image aligncenter size-full is-resized has-custom-border\"><img decoding=\"async\" width=\"567\" height=\"567\" src=\"https:\/\/telemesure.com\/wp-content\/uploads\/2024\/10\/logo-normes-communication-full_portrait-1.jpg\" alt=\"Les diff\u00e9rentes plateformes pour la collecte de donn\u00e9es. Illustration de la plateforme multi-r\u00e9seau pour la gestion simplifi\u00e9e et l'int\u00e9gration des objets connect\u00e9s avec flexibilit\u00e9 et connectivit\u00e9 globale.\" class=\"has-border-color wp-image-879\" style=\"border-color:#eaeaea;width:410px;height:auto\" srcset=\"https:\/\/telemesure.com\/wp-content\/uploads\/2024\/10\/logo-normes-communication-full_portrait-1.jpg 567w, https:\/\/telemesure.com\/wp-content\/uploads\/2024\/10\/logo-normes-communication-full_portrait-1-300x300.jpg 300w, https:\/\/telemesure.com\/wp-content\/uploads\/2024\/10\/logo-normes-communication-full_portrait-1-150x150.jpg 150w\" sizes=\"(max-width: 567px) 100vw, 567px\" \/><\/figure>\n<\/div>\n\n\n\n<div class=\"wp-block-column is-vertically-aligned-top is-layout-flow wp-block-column-is-layout-flow\">\n<h2 class=\"wp-block-heading\">Offre multi-r\u00e9seau int\u00e9gr\u00e9e<\/h2>\n\n\n\n<div class=\"wp-block-columns is-layout-flex wp-container-core-columns-is-layout-28f84493 wp-block-columns-is-layout-flex\">\n<div class=\"wp-block-column is-layout-flow wp-block-column-is-layout-flow\">\n<hr class=\"wp-block-separator has-text-color has-custom-color-3-color has-alpha-channel-opacity has-custom-color-3-background-color has-background\"\/>\n<\/div>\n\n\n\n<div class=\"wp-block-column is-layout-flow wp-block-column-is-layout-flow\"><\/div>\n\n\n\n<div class=\"wp-block-column is-layout-flow wp-block-column-is-layout-flow\"><\/div>\n<\/div>\n\n\n\n<p>Gr\u00e2ce \u00e0 notre <strong>plateforme multi-r\u00e9seau<\/strong>, nous g\u00e9rons pour vous les abonnements et la complexit\u00e9 des raccordements vers les diff\u00e9rents op\u00e9rateurs T\u00e9l\u00e9com. Vous pouvez ainsi mixer les r\u00e9seaux tout en ayant qu\u2019un seul point de facturation. Vous b\u00e9n\u00e9ficiez aussi r\u00e9guli\u00e8rement des derni\u00e8res mises \u00e0 jour et des derni\u00e8res technologies.<\/p>\n\n\n\n<div class=\"wp-block-buttons is-content-justification-center is-layout-flex wp-container-core-buttons-is-layout-a89b3969 wp-block-buttons-is-layout-flex\">\n<div class=\"wp-block-button\"><a class=\"wp-block-button__link has-text-align-center wp-element-button\" href=\"https:\/\/telemesure.com\/index.php\/gestion-des-objets-connectes\/\">Les fonctionnalit\u00e9s<\/a><\/div>\n<\/div>\n<\/div>\n<\/div>\n\n\n\n<div style=\"height:33px\" aria-hidden=\"true\" class=\"wp-block-spacer\"><\/div>\n\n\n\n<h3 class=\"wp-block-heading has-text-align-center\">Nous vous offrons le choix de toute la galaxie de connectivit\u00e9 au<br>sein de la plateforme IOT de services.<\/h3>\n\n\n\n<section id=\"wp-block-themeisle-blocks-advanced-columns-8e7cc7ae\" class=\"wp-block-themeisle-blocks-advanced-columns has-3-columns has-desktop-equal-layout has-tablet-equal-layout has-mobile-collapsedRows-layout has-vertical-flex-start\"><div class=\"wp-block-themeisle-blocks-advanced-columns-overlay\"><\/div><div class=\"innerblocks-wrap\">\n<div id=\"wp-block-themeisle-blocks-advanced-column-725f10a7\" class=\"wp-block-themeisle-blocks-advanced-column\">\n<p class=\"has-text-align-left\">Peu importe votre projet, la localisation de vos sites, leur couverture radio, nous avons une offre de connectivit\u00e9 disponible pour connecter votre dispositif <a href=\"https:\/\/www.application-iot.fr\/glossaire\/quest-ce-que-linternet-des-objets\/\">IOT<\/a>. Nous nous reposons sur des technologies \u00e9prouv\u00e9s et des partenaires de rang A pour vous proposer les meilleures solutions de connectivit\u00e9 r\u00e9seau.<\/p>\n<\/div>\n\n\n\n<div id=\"wp-block-themeisle-blocks-advanced-column-3c67f726\" class=\"wp-block-themeisle-blocks-advanced-column\">\n<p class=\"has-text-align-left\">Vous pouvez mixer sans contraintes vos produits sur diff\u00e9rents r\u00e9seaux avec l\u2019assurance d\u2019une mise en \u0153uvre rapide et \u00e9conomique. Elle vous procure une flexibilit\u00e9 et une qualit\u00e9 in\u00e9gal\u00e9e. Peut-importe le r\u00e9seau, vous n\u2019avez qu\u2019une facturation et vous gardez une vision globale de vos produits et de vos donn\u00e9es sans aucun compromis.<\/p>\n<\/div>\n\n\n\n<div id=\"wp-block-themeisle-blocks-advanced-column-dc6207a1\" class=\"wp-block-themeisle-blocks-advanced-column\">\n<p class=\"has-text-align-left\">Vous b\u00e9n\u00e9ficiez d\u2019une \u00e9volution constante des offres et des technologies gr\u00e2ce \u00e0 notre plateforme multi-r\u00e9seau. Tout en restant concentr\u00e9 sur vos donn\u00e9es et votre c\u0153ur de m\u00e9tier. Nous assurons pour vous la gestion des al\u00e9as techniques et des mont\u00e9es de version des connexions avec les diff\u00e9rents op\u00e9rateurs.<\/p>\n<\/div>\n<\/div><\/section>\n<\/div>\n<\/div><\/section>\n\n\n\n<section id=\"wp-block-themeisle-blocks-advanced-columns-27eb404e\" class=\"wp-block-themeisle-blocks-advanced-columns alignwide has-1-columns has-desktop-equal-layout has-tablet-equal-layout has-mobile-collapsedRows-layout has-vertical-flex-start\"><div class=\"wp-block-themeisle-blocks-advanced-columns-overlay\"><\/div><div class=\"innerblocks-wrap\">\n<div id=\"wp-block-themeisle-blocks-advanced-column-f6ab4e26\" class=\"wp-block-themeisle-blocks-advanced-column\">\n<p class=\"has-text-align-left\">Notre plateforme multi-r\u00e9seau int\u00e8gre aussi une offre Lora priv\u00e9. Cette offre inclut la gestion du serveur de r\u00e9seau LoRa (LNS) par notre \u00e9quipe, ce qui garantit une performance optimale et une s\u00e9curit\u00e9 accrue pour vos objets connect\u00e9s. Cela permet une gestion simplifi\u00e9e et centralis\u00e9e de vos dispositifs IoT. Et tout en b\u00e9n\u00e9ficiant des avantages de la technologie LoRa de pointe.<\/p>\n<\/div>\n<\/div><\/section>\n\n\n\n<div class=\"wp-block-buttons is-content-justification-center is-layout-flex wp-container-core-buttons-is-layout-a89b3969 wp-block-buttons-is-layout-flex\">\n<div class=\"wp-block-button\"><a class=\"wp-block-button__link wp-element-button\" href=\"https:\/\/telemesure.com\/index.php\/contact\/\">Nous contacter<\/a><\/div>\n<\/div>\n","protected":false},"excerpt":{"rendered":"","protected":false},"author":2,"featured_media":0,"parent":0,"menu_order":0,"comment_status":"closed","ping_status":"closed","template":"page-no-title","meta":{"_themeisle_gutenberg_block_has_review":false,"footnotes":""},"class_list":["post-671","page","type-page","status-publish","hentry"],"yoast_head":"<!-- This site is optimized with the Yoast SEO plugin v27.5 - https:\/\/yoast.com\/product\/yoast-seo-wordpress\/ -->\n<title>Telemesure.net - Connectivit\u00e9 multi-r\u00e9seau pour vos objets connect\u00e9s<\/title>\n<meta name=\"description\" content=\"D\u00e9couvrez notre plateforme multi-r\u00e9seau con\u00e7u pour une connectivit\u00e9 \u00e9tendue et une gestion simplifi\u00e9e de vos objets connect\u00e9s.\" \/>\n<meta name=\"robots\" content=\"index, follow, max-snippet:-1, max-image-preview:large, max-video-preview:-1\" \/>\n<link rel=\"canonical\" href=\"https:\/\/telemesure.com\/index.php\/plateforme-multi-reseau-connectivite-simplifiee\/\" \/>\n<meta property=\"og:locale\" content=\"fr_FR\" \/>\n<meta property=\"og:type\" content=\"article\" \/>\n<meta property=\"og:title\" content=\"Telemesure.net - Connectivit\u00e9 multi-r\u00e9seau pour vos objets connect\u00e9s\" \/>\n<meta property=\"og:description\" content=\"D\u00e9couvrez notre plateforme multi-r\u00e9seau con\u00e7u pour une connectivit\u00e9 \u00e9tendue et une gestion simplifi\u00e9e de vos objets connect\u00e9s.\" \/>\n<meta property=\"og:url\" content=\"https:\/\/telemesure.com\/index.php\/plateforme-multi-reseau-connectivite-simplifiee\/\" \/>\n<meta property=\"og:site_name\" content=\"Telemesure.net\" \/>\n<meta property=\"article:modified_time\" content=\"2024-12-17T16:05:02+00:00\" \/>\n<meta property=\"og:image\" content=\"https:\/\/telemesure.com\/wp-content\/uploads\/2024\/10\/logo-normes-communication-full_portrait-1.jpg\" \/>\n\t<meta property=\"og:image:width\" content=\"567\" \/>\n\t<meta property=\"og:image:height\" content=\"567\" \/>\n\t<meta property=\"og:image:type\" content=\"image\/jpeg\" \/>\n<meta name=\"twitter:card\" content=\"summary_large_image\" \/>\n<meta name=\"twitter:label1\" content=\"Dur\u00e9e de lecture estim\u00e9e\" \/>\n\t<meta name=\"twitter:data1\" content=\"2 minutes\" \/>\n<script type=\"application\/ld+json\" class=\"yoast-schema-graph\">{\"@context\":\"https:\\\/\\\/schema.org\",\"@graph\":[{\"@type\":\"WebPage\",\"@id\":\"https:\\\/\\\/telemesure.com\\\/index.php\\\/plateforme-multi-reseau-connectivite-simplifiee\\\/\",\"url\":\"https:\\\/\\\/telemesure.com\\\/index.php\\\/plateforme-multi-reseau-connectivite-simplifiee\\\/\",\"name\":\"Telemesure.net - Connectivit\u00e9 multi-r\u00e9seau pour vos objets connect\u00e9s\",\"isPartOf\":{\"@id\":\"https:\\\/\\\/telemesure.com\\\/#website\"},\"primaryImageOfPage\":{\"@id\":\"https:\\\/\\\/telemesure.com\\\/index.php\\\/plateforme-multi-reseau-connectivite-simplifiee\\\/#primaryimage\"},\"image\":{\"@id\":\"https:\\\/\\\/telemesure.com\\\/index.php\\\/plateforme-multi-reseau-connectivite-simplifiee\\\/#primaryimage\"},\"thumbnailUrl\":\"https:\\\/\\\/telemesure.com\\\/wp-content\\\/uploads\\\/2024\\\/10\\\/logo-normes-communication-full_portrait-1.jpg\",\"datePublished\":\"2024-10-08T12:32:00+00:00\",\"dateModified\":\"2024-12-17T16:05:02+00:00\",\"description\":\"D\u00e9couvrez notre plateforme multi-r\u00e9seau con\u00e7u pour une connectivit\u00e9 \u00e9tendue et une gestion simplifi\u00e9e de vos objets connect\u00e9s.\",\"breadcrumb\":{\"@id\":\"https:\\\/\\\/telemesure.com\\\/index.php\\\/plateforme-multi-reseau-connectivite-simplifiee\\\/#breadcrumb\"},\"inLanguage\":\"fr-FR\",\"potentialAction\":[{\"@type\":\"ReadAction\",\"target\":[\"https:\\\/\\\/telemesure.com\\\/index.php\\\/plateforme-multi-reseau-connectivite-simplifiee\\\/\"]}]},{\"@type\":\"ImageObject\",\"inLanguage\":\"fr-FR\",\"@id\":\"https:\\\/\\\/telemesure.com\\\/index.php\\\/plateforme-multi-reseau-connectivite-simplifiee\\\/#primaryimage\",\"url\":\"https:\\\/\\\/telemesure.com\\\/wp-content\\\/uploads\\\/2024\\\/10\\\/logo-normes-communication-full_portrait-1.jpg\",\"contentUrl\":\"https:\\\/\\\/telemesure.com\\\/wp-content\\\/uploads\\\/2024\\\/10\\\/logo-normes-communication-full_portrait-1.jpg\",\"width\":567,\"height\":567,\"caption\":\"Les diff\u00e9rentes plateformes pour la collecte de donn\u00e9es. Illustration de la plateforme multi-r\u00e9seau pour la gestion simplifi\u00e9e et l'int\u00e9gration des objets connect\u00e9s avec flexibilit\u00e9 et connectivit\u00e9 globale.\"},{\"@type\":\"BreadcrumbList\",\"@id\":\"https:\\\/\\\/telemesure.com\\\/index.php\\\/plateforme-multi-reseau-connectivite-simplifiee\\\/#breadcrumb\",\"itemListElement\":[{\"@type\":\"ListItem\",\"position\":1,\"name\":\"Home\",\"item\":\"https:\\\/\\\/telemesure.com\\\/\"},{\"@type\":\"ListItem\",\"position\":2,\"name\":\"L&rsquo;offre multi-r\u00e9seau int\u00e9gr\u00e9e\"}]},{\"@type\":\"WebSite\",\"@id\":\"https:\\\/\\\/telemesure.com\\\/#website\",\"url\":\"https:\\\/\\\/telemesure.com\\\/\",\"name\":\"Telemesure\",\"description\":\"Plateforme d&#039;Hypervision IoT multi-r\u00e9seau , D\u00e9velopp\u00e9e par la SNOC pour la gestion des objets connect\u00e9s.\",\"publisher\":{\"@id\":\"https:\\\/\\\/telemesure.com\\\/#organization\"},\"potentialAction\":[{\"@type\":\"SearchAction\",\"target\":{\"@type\":\"EntryPoint\",\"urlTemplate\":\"https:\\\/\\\/telemesure.com\\\/?s={search_term_string}\"},\"query-input\":{\"@type\":\"PropertyValueSpecification\",\"valueRequired\":true,\"valueName\":\"search_term_string\"}}],\"inLanguage\":\"fr-FR\"},{\"@type\":\"Organization\",\"@id\":\"https:\\\/\\\/telemesure.com\\\/#organization\",\"name\":\"Telemesure\",\"url\":\"https:\\\/\\\/telemesure.com\\\/\",\"logo\":{\"@type\":\"ImageObject\",\"inLanguage\":\"fr-FR\",\"@id\":\"https:\\\/\\\/telemesure.com\\\/#\\\/schema\\\/logo\\\/image\\\/\",\"url\":\"https:\\\/\\\/telemesure.com\\\/wp-content\\\/uploads\\\/2024\\\/09\\\/logo-telemesure.net-FINAL-RGB-72dpi_06042018.jpg\",\"contentUrl\":\"https:\\\/\\\/telemesure.com\\\/wp-content\\\/uploads\\\/2024\\\/09\\\/logo-telemesure.net-FINAL-RGB-72dpi_06042018.jpg\",\"width\":766,\"height\":164,\"caption\":\"Telemesure\"},\"image\":{\"@id\":\"https:\\\/\\\/telemesure.com\\\/#\\\/schema\\\/logo\\\/image\\\/\"}}]}<\/script>\n<!-- \/ Yoast SEO plugin. -->","yoast_head_json":{"title":"Telemesure.net - Connectivit\u00e9 multi-r\u00e9seau pour vos objets connect\u00e9s","description":"D\u00e9couvrez notre plateforme multi-r\u00e9seau con\u00e7u pour une connectivit\u00e9 \u00e9tendue et une gestion simplifi\u00e9e de vos objets connect\u00e9s.","robots":{"index":"index","follow":"follow","max-snippet":"max-snippet:-1","max-image-preview":"max-image-preview:large","max-video-preview":"max-video-preview:-1"},"canonical":"https:\/\/telemesure.com\/index.php\/plateforme-multi-reseau-connectivite-simplifiee\/","og_locale":"fr_FR","og_type":"article","og_title":"Telemesure.net - Connectivit\u00e9 multi-r\u00e9seau pour vos objets connect\u00e9s","og_description":"D\u00e9couvrez notre plateforme multi-r\u00e9seau con\u00e7u pour une connectivit\u00e9 \u00e9tendue et une gestion simplifi\u00e9e de vos objets connect\u00e9s.","og_url":"https:\/\/telemesure.com\/index.php\/plateforme-multi-reseau-connectivite-simplifiee\/","og_site_name":"Telemesure.net","article_modified_time":"2024-12-17T16:05:02+00:00","og_image":[{"width":567,"height":567,"url":"https:\/\/telemesure.com\/wp-content\/uploads\/2024\/10\/logo-normes-communication-full_portrait-1.jpg","type":"image\/jpeg"}],"twitter_card":"summary_large_image","twitter_misc":{"Dur\u00e9e de lecture estim\u00e9e":"2 minutes"},"schema":{"@context":"https:\/\/schema.org","@graph":[{"@type":"WebPage","@id":"https:\/\/telemesure.com\/index.php\/plateforme-multi-reseau-connectivite-simplifiee\/","url":"https:\/\/telemesure.com\/index.php\/plateforme-multi-reseau-connectivite-simplifiee\/","name":"Telemesure.net - Connectivit\u00e9 multi-r\u00e9seau pour vos objets connect\u00e9s","isPartOf":{"@id":"https:\/\/telemesure.com\/#website"},"primaryImageOfPage":{"@id":"https:\/\/telemesure.com\/index.php\/plateforme-multi-reseau-connectivite-simplifiee\/#primaryimage"},"image":{"@id":"https:\/\/telemesure.com\/index.php\/plateforme-multi-reseau-connectivite-simplifiee\/#primaryimage"},"thumbnailUrl":"https:\/\/telemesure.com\/wp-content\/uploads\/2024\/10\/logo-normes-communication-full_portrait-1.jpg","datePublished":"2024-10-08T12:32:00+00:00","dateModified":"2024-12-17T16:05:02+00:00","description":"D\u00e9couvrez notre plateforme multi-r\u00e9seau con\u00e7u pour une connectivit\u00e9 \u00e9tendue et une gestion simplifi\u00e9e de vos objets connect\u00e9s.","breadcrumb":{"@id":"https:\/\/telemesure.com\/index.php\/plateforme-multi-reseau-connectivite-simplifiee\/#breadcrumb"},"inLanguage":"fr-FR","potentialAction":[{"@type":"ReadAction","target":["https:\/\/telemesure.com\/index.php\/plateforme-multi-reseau-connectivite-simplifiee\/"]}]},{"@type":"ImageObject","inLanguage":"fr-FR","@id":"https:\/\/telemesure.com\/index.php\/plateforme-multi-reseau-connectivite-simplifiee\/#primaryimage","url":"https:\/\/telemesure.com\/wp-content\/uploads\/2024\/10\/logo-normes-communication-full_portrait-1.jpg","contentUrl":"https:\/\/telemesure.com\/wp-content\/uploads\/2024\/10\/logo-normes-communication-full_portrait-1.jpg","width":567,"height":567,"caption":"Les diff\u00e9rentes plateformes pour la collecte de donn\u00e9es. Illustration de la plateforme multi-r\u00e9seau pour la gestion simplifi\u00e9e et l'int\u00e9gration des objets connect\u00e9s avec flexibilit\u00e9 et connectivit\u00e9 globale."},{"@type":"BreadcrumbList","@id":"https:\/\/telemesure.com\/index.php\/plateforme-multi-reseau-connectivite-simplifiee\/#breadcrumb","itemListElement":[{"@type":"ListItem","position":1,"name":"Home","item":"https:\/\/telemesure.com\/"},{"@type":"ListItem","position":2,"name":"L&rsquo;offre multi-r\u00e9seau int\u00e9gr\u00e9e"}]},{"@type":"WebSite","@id":"https:\/\/telemesure.com\/#website","url":"https:\/\/telemesure.com\/","name":"Telemesure","description":"Plateforme d&#039;Hypervision IoT multi-r\u00e9seau , D\u00e9velopp\u00e9e par la SNOC pour la gestion des objets connect\u00e9s.","publisher":{"@id":"https:\/\/telemesure.com\/#organization"},"potentialAction":[{"@type":"SearchAction","target":{"@type":"EntryPoint","urlTemplate":"https:\/\/telemesure.com\/?s={search_term_string}"},"query-input":{"@type":"PropertyValueSpecification","valueRequired":true,"valueName":"search_term_string"}}],"inLanguage":"fr-FR"},{"@type":"Organization","@id":"https:\/\/telemesure.com\/#organization","name":"Telemesure","url":"https:\/\/telemesure.com\/","logo":{"@type":"ImageObject","inLanguage":"fr-FR","@id":"https:\/\/telemesure.com\/#\/schema\/logo\/image\/","url":"https:\/\/telemesure.com\/wp-content\/uploads\/2024\/09\/logo-telemesure.net-FINAL-RGB-72dpi_06042018.jpg","contentUrl":"https:\/\/telemesure.com\/wp-content\/uploads\/2024\/09\/logo-telemesure.net-FINAL-RGB-72dpi_06042018.jpg","width":766,"height":164,"caption":"Telemesure"},"image":{"@id":"https:\/\/telemesure.com\/#\/schema\/logo\/image\/"}}]}},"_links":{"self":[{"href":"https:\/\/telemesure.com\/index.php\/wp-json\/wp\/v2\/pages\/671","targetHints":{"allow":["GET"]}}],"collection":[{"href":"https:\/\/telemesure.com\/index.php\/wp-json\/wp\/v2\/pages"}],"about":[{"href":"https:\/\/telemesure.com\/index.php\/wp-json\/wp\/v2\/types\/page"}],"author":[{"embeddable":true,"href":"https:\/\/telemesure.com\/index.php\/wp-json\/wp\/v2\/users\/2"}],"replies":[{"embeddable":true,"href":"https:\/\/telemesure.com\/index.php\/wp-json\/wp\/v2\/comments?post=671"}],"version-history":[{"count":25,"href":"https:\/\/telemesure.com\/index.php\/wp-json\/wp\/v2\/pages\/671\/revisions"}],"predecessor-version":[{"id":1229,"href":"https:\/\/telemesure.com\/index.php\/wp-json\/wp\/v2\/pages\/671\/revisions\/1229"}],"wp:attachment":[{"href":"https:\/\/telemesure.com\/index.php\/wp-json\/wp\/v2\/media?parent=671"}],"curies":[{"name":"wp","href":"https:\/\/api.w.org\/{rel}","templated":true}]}}