{"id":92,"date":"2024-09-19T15:24:00","date_gmt":"2024-09-19T13:24:00","guid":{"rendered":"https:\/\/telemesure.com\/?page_id=92"},"modified":"2025-01-10T18:42:02","modified_gmt":"2025-01-10T17:42:02","slug":"tarifications","status":"publish","type":"page","link":"https:\/\/telemesure.com\/index.php\/tarifications\/","title":{"rendered":"Offres"},"content":{"rendered":"\n<h2 class=\"wp-block-heading has-text-align-center\">Fonctionnalit\u00e9s Telemesure.net<\/h2>\n\n\n\n<p class=\"has-text-align-center\">Nous offrons une vari\u00e9t\u00e9 de plans tarifaires flexibles pour r\u00e9pondre aux besoins de votre entreprise, que vous soyez une petite start-up ou une grande entreprise.<\/p>\n\n\n\n<div style=\"height:var(--wp--preset--spacing--30)\" aria-hidden=\"true\" class=\"wp-block-spacer\"><\/div>\n\n\n\n<figure class=\"wp-block-table is-style-stripes\"><table class=\"has-base-2-background-color has-background\"><thead><tr><th class=\"has-text-align-center\" data-align=\"center\">FONCTIONNALIT<strong>\u00c9<\/strong><\/th><th class=\"has-text-align-center\" data-align=\"center\">STARTER<\/th><th class=\"has-text-align-center\" data-align=\"center\">PROFESSIONNEL<\/th><th class=\"has-text-align-center\" data-align=\"center\">ENTREPRISE<\/th><\/tr><\/thead><tbody><tr><td class=\"has-text-align-center\" data-align=\"center\">Nombre de transmetteurs<\/td><td class=\"has-text-align-center\" data-align=\"center\">Maximum 10<\/td><td class=\"has-text-align-center\" data-align=\"center\">Illimit\u00e9s<\/td><td class=\"has-text-align-center\" data-align=\"center\">Illimit\u00e9s<\/td><\/tr><tr><td class=\"has-text-align-center\" data-align=\"center\">Tarification HT \/ Mois \/ Transmetteur ****<\/td><td class=\"has-text-align-center\" data-align=\"center\">1,00 \u20ac<\/td><td class=\"has-text-align-center\" data-align=\"center\">1,00 \u20ac<\/td><td class=\"has-text-align-center\" data-align=\"center\">1,00 \u20ac<\/td><\/tr><tr><td class=\"has-text-align-center\" data-align=\"center\">Gestion d&rsquo;utilisateurs<\/td><td class=\"has-text-align-center\" data-align=\"center\">\u2717<\/td><td class=\"has-text-align-center\" data-align=\"center\">OUI<\/td><td class=\"has-text-align-center\" data-align=\"center\">OUI<\/td><\/tr><tr><td class=\"has-text-align-center\" data-align=\"center\">Forfait SMS \/ Appel Vocal inclus ***<\/td><td class=\"has-text-align-center\" data-align=\"center\">&#8211;<\/td><td class=\"has-text-align-center\" data-align=\"center\">Forfait 50 \/ Mois<\/td><td class=\"has-text-align-center\" data-align=\"center\">Forfait 150 \/ Mois<\/td><\/tr><tr><td class=\"has-text-align-center\" data-align=\"center\">R\u00e9tention des donn\u00e9es<\/td><td class=\"has-text-align-center\" data-align=\"center\">6 mois<\/td><td class=\"has-text-align-center\" data-align=\"center\">1 ans<\/td><td class=\"has-text-align-center\" data-align=\"center\">2 ans<\/td><\/tr><tr><td class=\"has-text-align-center\" data-align=\"center\">Acc\u00e8s aux donn\u00e9es brutes<\/td><td class=\"has-text-align-center\" data-align=\"center\">\u2717<\/td><td class=\"has-text-align-center\" data-align=\"center\">OUI<\/td><td class=\"has-text-align-center\" data-align=\"center\">OUI<\/td><\/tr><tr><td class=\"has-text-align-center\" data-align=\"center\">Push HTTP<\/td><td class=\"has-text-align-center\" data-align=\"center\">\u2717<\/td><td class=\"has-text-align-center\" data-align=\"center\">OUI<\/td><td class=\"has-text-align-center\" data-align=\"center\">OUI<\/td><\/tr><tr><td class=\"has-text-align-center\" data-align=\"center\">Algorithme sur source de donn\u00e9es<\/td><td class=\"has-text-align-center\" data-align=\"center\">\u2717<\/td><td class=\"has-text-align-center\" data-align=\"center\">OUI<\/td><td class=\"has-text-align-center\" data-align=\"center\">OUI<\/td><\/tr><tr><td class=\"has-text-align-center\" data-align=\"center\">Personnalisation des sources<\/td><td class=\"has-text-align-center\" data-align=\"center\">\u2717<\/td><td class=\"has-text-align-center\" data-align=\"center\">OUI<\/td><td class=\"has-text-align-center\" data-align=\"center\">OUI<\/td><\/tr><tr><td class=\"has-text-align-center\" data-align=\"center\">API Basique<\/td><td class=\"has-text-align-center\" data-align=\"center\">OUI<\/td><td class=\"has-text-align-center\" data-align=\"center\">OUI<\/td><td class=\"has-text-align-center\" data-align=\"center\">OUI<\/td><\/tr><tr><td class=\"has-text-align-center\" data-align=\"center\">API Data<\/td><td class=\"has-text-align-center\" data-align=\"center\">\u2717<\/td><td class=\"has-text-align-center\" data-align=\"center\">\u2717<\/td><td class=\"has-text-align-center\" data-align=\"center\">OUI<\/td><\/tr><tr><td class=\"has-text-align-center\" data-align=\"center\">G\u00e9ofencing Standard<\/td><td class=\"has-text-align-center\" data-align=\"center\">OUI<\/td><td class=\"has-text-align-center\" data-align=\"center\">OUI<\/td><td class=\"has-text-align-center\" data-align=\"center\">OUI<\/td><\/tr><tr><td class=\"has-text-align-center\" data-align=\"center\">G\u00e9ofencing Multizone*<\/td><td class=\"has-text-align-center\" data-align=\"center\">\u2717<\/td><td class=\"has-text-align-center\" data-align=\"center\">\u2717<\/td><td class=\"has-text-align-center\" data-align=\"center\">OUI<\/td><\/tr><tr><td class=\"has-text-align-center\" data-align=\"center\">Extraction des donn\u00e9es sur CSV par<br>source ou transmetteurs<\/td><td class=\"has-text-align-center\" data-align=\"center\">\u2717<\/td><td class=\"has-text-align-center\" data-align=\"center\">OUI<\/td><td class=\"has-text-align-center\" data-align=\"center\">OUI<\/td><\/tr><tr><td class=\"has-text-align-center\" data-align=\"center\">Extraction des donn\u00e9es globales en<br>CSV (multi transmetteurs<\/td><td class=\"has-text-align-center\" data-align=\"center\">\u2717<\/td><td class=\"has-text-align-center\" data-align=\"center\">\u2717<\/td><td class=\"has-text-align-center\" data-align=\"center\">OUI<\/td><\/tr><tr><td class=\"has-text-align-center\" data-align=\"center\">Gestion de zone g\u00e9ographique<br>imbriqu\u00e9s*<\/td><td class=\"has-text-align-center\" data-align=\"center\">\u2717<\/td><td class=\"has-text-align-center\" data-align=\"center\">\u2717<\/td><td class=\"has-text-align-center\" data-align=\"center\">OUI<\/td><\/tr><tr><td class=\"has-text-align-center\" data-align=\"center\">Gateway priv\u00e9e<\/td><td class=\"has-text-align-center\" data-align=\"center\">Max 1 <\/td><td class=\"has-text-align-center\" data-align=\"center\">illimit\u00e9<\/td><td class=\"has-text-align-center\" data-align=\"center\">Illimit\u00e9<\/td><\/tr><tr><td class=\"has-text-align-center\" data-align=\"center\">D\u00e9clencheur sur un seul transmetteur<\/td><td class=\"has-text-align-center\" data-align=\"center\">OUI<\/td><td class=\"has-text-align-center\" data-align=\"center\">OUI<\/td><td class=\"has-text-align-center\" data-align=\"center\">OUI<\/td><\/tr><tr><td class=\"has-text-align-center\" data-align=\"center\">D\u00e9clencheur plusieurs<br>transmetteurs (2 max) et famille de<br>transmetteurs<\/td><td class=\"has-text-align-center\" data-align=\"center\">\u2717<\/td><td class=\"has-text-align-center\" data-align=\"center\">OUI<\/td><td class=\"has-text-align-center\" data-align=\"center\">OUI<\/td><\/tr><tr><td class=\"has-text-align-center\" data-align=\"center\">Actions standards<\/td><td class=\"has-text-align-center\" data-align=\"center\">OUI<\/td><td class=\"has-text-align-center\" data-align=\"center\">OUI<\/td><td class=\"has-text-align-center\" data-align=\"center\">OUI<\/td><\/tr><tr><td class=\"has-text-align-center\" data-align=\"center\">Actions limitables \u00e0 un groupe, une<br>zone et une tranche horaire<\/td><td class=\"has-text-align-center\" data-align=\"center\">\u2717<\/td><td class=\"has-text-align-center\" data-align=\"center\">OUI<\/td><td class=\"has-text-align-center\" data-align=\"center\">OUI<\/td><\/tr><tr><td class=\"has-text-align-center\" data-align=\"center\">Notifications par Email<\/td><td class=\"has-text-align-center\" data-align=\"center\">OUI<\/td><td class=\"has-text-align-center\" data-align=\"center\">OUI<\/td><td class=\"has-text-align-center\" data-align=\"center\">OUI<\/td><\/tr><tr><td class=\"has-text-align-center\" data-align=\"center\">Notifications par SMS<\/td><td class=\"has-text-align-center\" data-align=\"center\">OUI<\/td><td class=\"has-text-align-center\" data-align=\"center\">OUI<\/td><td class=\"has-text-align-center\" data-align=\"center\">OUI<\/td><\/tr><tr><td class=\"has-text-align-center\" data-align=\"center\">Notifications par Appel Vocal<\/td><td class=\"has-text-align-center\" data-align=\"center\">OUI<\/td><td class=\"has-text-align-center\" data-align=\"center\">OUI<\/td><td class=\"has-text-align-center\" data-align=\"center\">OUI<\/td><\/tr><tr><td class=\"has-text-align-center\" data-align=\"center\">Notifications par Applications Mobile<\/td><td class=\"has-text-align-center\" data-align=\"center\">OUI<\/td><td class=\"has-text-align-center\" data-align=\"center\">OUI<\/td><td class=\"has-text-align-center\" data-align=\"center\">OUI<\/td><\/tr><tr><td class=\"has-text-align-center\" data-align=\"center\">Notifications par Push HTTP*<\/td><td class=\"has-text-align-center\" data-align=\"center\">\u2717<\/td><td class=\"has-text-align-center\" data-align=\"center\">OUI<\/td><td class=\"has-text-align-center\" data-align=\"center\">OUI<\/td><\/tr><tr><td class=\"has-text-align-center\" data-align=\"center\">Notification par Alarme virtuelle<br>(protocole SIA)<\/td><td class=\"has-text-align-center\" data-align=\"center\">\u2717<\/td><td class=\"has-text-align-center\" data-align=\"center\">\u2717<\/td><td class=\"has-text-align-center\" data-align=\"center\">OUI<\/td><\/tr><tr><td class=\"has-text-align-center\" data-align=\"center\">Application Mobile<\/td><td class=\"has-text-align-center\" data-align=\"center\">OUI<\/td><td class=\"has-text-align-center\" data-align=\"center\">OUI<\/td><td class=\"has-text-align-center\" data-align=\"center\">OUI<\/td><\/tr><tr><td class=\"has-text-align-center\" data-align=\"center\">Dashboard Device<\/td><td class=\"has-text-align-center\" data-align=\"center\">\u2717<\/td><td class=\"has-text-align-center\" data-align=\"center\">OUI<\/td><td class=\"has-text-align-center\" data-align=\"center\">OUI<\/td><\/tr><tr><td class=\"has-text-align-center\" data-align=\"center\">Dashboard Global*<\/td><td class=\"has-text-align-center\" data-align=\"center\">\u2717<\/td><td class=\"has-text-align-center\" data-align=\"center\">\u2717<\/td><td class=\"has-text-align-center\" data-align=\"center\">OUI<\/td><\/tr><tr><td class=\"has-text-align-center\" data-align=\"center\">Gestion avanc\u00e9e des batteries*<\/td><td class=\"has-text-align-center\" data-align=\"center\">OUI<\/td><td class=\"has-text-align-center\" data-align=\"center\">OUI<\/td><td class=\"has-text-align-center\" data-align=\"center\">OUI<\/td><\/tr><tr><td class=\"has-text-align-center\" data-align=\"center\">\u00c9diteurs de D\u00e9codage Payload*<\/td><td class=\"has-text-align-center\" data-align=\"center\">OUI<\/td><td class=\"has-text-align-center\" data-align=\"center\">OUI<\/td><td class=\"has-text-align-center\" data-align=\"center\">OUI<\/td><\/tr><tr><td class=\"has-text-align-center\" data-align=\"center\">Rapports PDF Automatis\u00e9s<\/td><td class=\"has-text-align-center\" data-align=\"center\">\u2717<\/td><td class=\"has-text-align-center\" data-align=\"center\">\u2717<\/td><td class=\"has-text-align-center\" data-align=\"center\">OUI<\/td><\/tr><tr><td class=\"has-text-align-center\" data-align=\"center\">Customisation Plateforme Visuel Logo Client**<\/td><td class=\"has-text-align-center\" data-align=\"center\">\u2717<\/td><td class=\"has-text-align-center\" data-align=\"center\">OUI<\/td><td class=\"has-text-align-center\" data-align=\"center\">OUI<\/td><\/tr><tr><td class=\"has-text-align-center\" data-align=\"center\">Customisation des Messages d&rsquo;Alerte**<\/td><td class=\"has-text-align-center\" data-align=\"center\">\u2717<\/td><td class=\"has-text-align-center\" data-align=\"center\">\u2717<\/td><td class=\"has-text-align-center\" data-align=\"center\">OUI<\/td><\/tr><tr><td class=\"has-text-align-center\" data-align=\"center\">Custom Brand, Telemesure URL**<\/td><td class=\"has-text-align-center\" data-align=\"center\">\u2717<\/td><td class=\"has-text-align-center\" data-align=\"center\">\u2717<\/td><td class=\"has-text-align-center\" data-align=\"center\">Option<\/td><\/tr><tr><td class=\"has-text-align-center\" data-align=\"center\">Custom Brand, Custom URL**<\/td><td class=\"has-text-align-center\" data-align=\"center\">\u2717<\/td><td class=\"has-text-align-center\" data-align=\"center\">\u2717<\/td><td class=\"has-text-align-center\" data-align=\"center\">Option<\/td><\/tr><\/tbody><\/table><figcaption class=\"wp-element-caption\">* Disponible prochainement<br>** Disponible via le support client<br>*** Consommation hors forfait factur\u00e9 \u00e0 l&rsquo;usage<br>**** Hors forfait op\u00e9rateur t\u00e9l\u00e9com si applicable<\/figcaption><\/figure>\n\n\n\n<div style=\"height:100px\" aria-hidden=\"true\" class=\"wp-block-spacer\"><\/div>\n\n\n\n<p><\/p>\n\n\n\n<p><\/p>\n","protected":false},"excerpt":{"rendered":"<p>Fonctionnalit\u00e9s Telemesure.net Nous offrons une vari\u00e9t\u00e9 de plans tarifaires flexibles pour r\u00e9pondre aux besoins de votre entreprise, que vous soyez une petite start-up ou une grande entreprise. FONCTIONNALIT\u00c9 STARTER PROFESSIONNEL ENTREPRISE Nombre de transmetteurs Maximum 10 Illimit\u00e9s Illimit\u00e9s Tarification HT \/ Mois \/ Transmetteur **** 1,00 \u20ac 1,00 \u20ac 1,00 \u20ac Gestion d&rsquo;utilisateurs \u2717 OUI [&hellip;]<\/p>\n","protected":false},"author":2,"featured_media":0,"parent":0,"menu_order":0,"comment_status":"closed","ping_status":"closed","template":"","meta":{"_themeisle_gutenberg_block_has_review":false,"footnotes":""},"class_list":["post-92","page","type-page","status-publish","hentry"],"yoast_head":"<!-- This site is optimized with the Yoast SEO plugin v27.5 - https:\/\/yoast.com\/product\/yoast-seo-wordpress\/ -->\n<title>Telemesure.net - Offres<\/title>\n<meta name=\"robots\" content=\"index, follow, max-snippet:-1, max-image-preview:large, max-video-preview:-1\" \/>\n<link rel=\"canonical\" href=\"https:\/\/telemesure.com\/index.php\/tarifications\/\" \/>\n<meta property=\"og:locale\" content=\"fr_FR\" \/>\n<meta property=\"og:type\" content=\"article\" \/>\n<meta property=\"og:title\" content=\"Telemesure.net - Offres\" \/>\n<meta property=\"og:description\" content=\"Fonctionnalit\u00e9s Telemesure.net Nous offrons une vari\u00e9t\u00e9 de plans tarifaires flexibles pour r\u00e9pondre aux besoins de votre entreprise, que vous soyez une petite start-up ou une grande entreprise. FONCTIONNALIT\u00c9 STARTER PROFESSIONNEL ENTREPRISE Nombre de transmetteurs Maximum 10 Illimit\u00e9s Illimit\u00e9s Tarification HT \/ Mois \/ Transmetteur **** 1,00 \u20ac 1,00 \u20ac 1,00 \u20ac Gestion d&rsquo;utilisateurs \u2717 OUI [&hellip;]\" \/>\n<meta property=\"og:url\" content=\"https:\/\/telemesure.com\/index.php\/tarifications\/\" \/>\n<meta property=\"og:site_name\" content=\"Telemesure.net\" \/>\n<meta property=\"article:modified_time\" content=\"2025-01-10T17:42:02+00:00\" \/>\n<meta name=\"twitter:card\" content=\"summary_large_image\" \/>\n<meta name=\"twitter:label1\" content=\"Dur\u00e9e de lecture estim\u00e9e\" \/>\n\t<meta name=\"twitter:data1\" content=\"2 minutes\" \/>\n<script type=\"application\/ld+json\" class=\"yoast-schema-graph\">{\"@context\":\"https:\\\/\\\/schema.org\",\"@graph\":[{\"@type\":\"WebPage\",\"@id\":\"https:\\\/\\\/telemesure.com\\\/index.php\\\/tarifications\\\/\",\"url\":\"https:\\\/\\\/telemesure.com\\\/index.php\\\/tarifications\\\/\",\"name\":\"Telemesure.net - Offres\",\"isPartOf\":{\"@id\":\"https:\\\/\\\/telemesure.com\\\/#website\"},\"datePublished\":\"2024-09-19T13:24:00+00:00\",\"dateModified\":\"2025-01-10T17:42:02+00:00\",\"breadcrumb\":{\"@id\":\"https:\\\/\\\/telemesure.com\\\/index.php\\\/tarifications\\\/#breadcrumb\"},\"inLanguage\":\"fr-FR\",\"potentialAction\":[{\"@type\":\"ReadAction\",\"target\":[\"https:\\\/\\\/telemesure.com\\\/index.php\\\/tarifications\\\/\"]}]},{\"@type\":\"BreadcrumbList\",\"@id\":\"https:\\\/\\\/telemesure.com\\\/index.php\\\/tarifications\\\/#breadcrumb\",\"itemListElement\":[{\"@type\":\"ListItem\",\"position\":1,\"name\":\"Home\",\"item\":\"https:\\\/\\\/telemesure.com\\\/\"},{\"@type\":\"ListItem\",\"position\":2,\"name\":\"Offres\"}]},{\"@type\":\"WebSite\",\"@id\":\"https:\\\/\\\/telemesure.com\\\/#website\",\"url\":\"https:\\\/\\\/telemesure.com\\\/\",\"name\":\"Telemesure\",\"description\":\"Plateforme d&#039;Hypervision IoT multi-r\u00e9seau , D\u00e9velopp\u00e9e par la SNOC pour la gestion des objets connect\u00e9s.\",\"publisher\":{\"@id\":\"https:\\\/\\\/telemesure.com\\\/#organization\"},\"potentialAction\":[{\"@type\":\"SearchAction\",\"target\":{\"@type\":\"EntryPoint\",\"urlTemplate\":\"https:\\\/\\\/telemesure.com\\\/?s={search_term_string}\"},\"query-input\":{\"@type\":\"PropertyValueSpecification\",\"valueRequired\":true,\"valueName\":\"search_term_string\"}}],\"inLanguage\":\"fr-FR\"},{\"@type\":\"Organization\",\"@id\":\"https:\\\/\\\/telemesure.com\\\/#organization\",\"name\":\"Telemesure\",\"url\":\"https:\\\/\\\/telemesure.com\\\/\",\"logo\":{\"@type\":\"ImageObject\",\"inLanguage\":\"fr-FR\",\"@id\":\"https:\\\/\\\/telemesure.com\\\/#\\\/schema\\\/logo\\\/image\\\/\",\"url\":\"https:\\\/\\\/telemesure.com\\\/wp-content\\\/uploads\\\/2024\\\/09\\\/logo-telemesure.net-FINAL-RGB-72dpi_06042018.jpg\",\"contentUrl\":\"https:\\\/\\\/telemesure.com\\\/wp-content\\\/uploads\\\/2024\\\/09\\\/logo-telemesure.net-FINAL-RGB-72dpi_06042018.jpg\",\"width\":766,\"height\":164,\"caption\":\"Telemesure\"},\"image\":{\"@id\":\"https:\\\/\\\/telemesure.com\\\/#\\\/schema\\\/logo\\\/image\\\/\"}}]}<\/script>\n<!-- \/ Yoast SEO plugin. -->","yoast_head_json":{"title":"Telemesure.net - Offres","robots":{"index":"index","follow":"follow","max-snippet":"max-snippet:-1","max-image-preview":"max-image-preview:large","max-video-preview":"max-video-preview:-1"},"canonical":"https:\/\/telemesure.com\/index.php\/tarifications\/","og_locale":"fr_FR","og_type":"article","og_title":"Telemesure.net - Offres","og_description":"Fonctionnalit\u00e9s Telemesure.net Nous offrons une vari\u00e9t\u00e9 de plans tarifaires flexibles pour r\u00e9pondre aux besoins de votre entreprise, que vous soyez une petite start-up ou une grande entreprise. FONCTIONNALIT\u00c9 STARTER PROFESSIONNEL ENTREPRISE Nombre de transmetteurs Maximum 10 Illimit\u00e9s Illimit\u00e9s Tarification HT \/ Mois \/ Transmetteur **** 1,00 \u20ac 1,00 \u20ac 1,00 \u20ac Gestion d&rsquo;utilisateurs \u2717 OUI [&hellip;]","og_url":"https:\/\/telemesure.com\/index.php\/tarifications\/","og_site_name":"Telemesure.net","article_modified_time":"2025-01-10T17:42:02+00:00","twitter_card":"summary_large_image","twitter_misc":{"Dur\u00e9e de lecture estim\u00e9e":"2 minutes"},"schema":{"@context":"https:\/\/schema.org","@graph":[{"@type":"WebPage","@id":"https:\/\/telemesure.com\/index.php\/tarifications\/","url":"https:\/\/telemesure.com\/index.php\/tarifications\/","name":"Telemesure.net - Offres","isPartOf":{"@id":"https:\/\/telemesure.com\/#website"},"datePublished":"2024-09-19T13:24:00+00:00","dateModified":"2025-01-10T17:42:02+00:00","breadcrumb":{"@id":"https:\/\/telemesure.com\/index.php\/tarifications\/#breadcrumb"},"inLanguage":"fr-FR","potentialAction":[{"@type":"ReadAction","target":["https:\/\/telemesure.com\/index.php\/tarifications\/"]}]},{"@type":"BreadcrumbList","@id":"https:\/\/telemesure.com\/index.php\/tarifications\/#breadcrumb","itemListElement":[{"@type":"ListItem","position":1,"name":"Home","item":"https:\/\/telemesure.com\/"},{"@type":"ListItem","position":2,"name":"Offres"}]},{"@type":"WebSite","@id":"https:\/\/telemesure.com\/#website","url":"https:\/\/telemesure.com\/","name":"Telemesure","description":"Plateforme d&#039;Hypervision IoT multi-r\u00e9seau , D\u00e9velopp\u00e9e par la SNOC pour la gestion des objets connect\u00e9s.","publisher":{"@id":"https:\/\/telemesure.com\/#organization"},"potentialAction":[{"@type":"SearchAction","target":{"@type":"EntryPoint","urlTemplate":"https:\/\/telemesure.com\/?s={search_term_string}"},"query-input":{"@type":"PropertyValueSpecification","valueRequired":true,"valueName":"search_term_string"}}],"inLanguage":"fr-FR"},{"@type":"Organization","@id":"https:\/\/telemesure.com\/#organization","name":"Telemesure","url":"https:\/\/telemesure.com\/","logo":{"@type":"ImageObject","inLanguage":"fr-FR","@id":"https:\/\/telemesure.com\/#\/schema\/logo\/image\/","url":"https:\/\/telemesure.com\/wp-content\/uploads\/2024\/09\/logo-telemesure.net-FINAL-RGB-72dpi_06042018.jpg","contentUrl":"https:\/\/telemesure.com\/wp-content\/uploads\/2024\/09\/logo-telemesure.net-FINAL-RGB-72dpi_06042018.jpg","width":766,"height":164,"caption":"Telemesure"},"image":{"@id":"https:\/\/telemesure.com\/#\/schema\/logo\/image\/"}}]}},"_links":{"self":[{"href":"https:\/\/telemesure.com\/index.php\/wp-json\/wp\/v2\/pages\/92","targetHints":{"allow":["GET"]}}],"collection":[{"href":"https:\/\/telemesure.com\/index.php\/wp-json\/wp\/v2\/pages"}],"about":[{"href":"https:\/\/telemesure.com\/index.php\/wp-json\/wp\/v2\/types\/page"}],"author":[{"embeddable":true,"href":"https:\/\/telemesure.com\/index.php\/wp-json\/wp\/v2\/users\/2"}],"replies":[{"embeddable":true,"href":"https:\/\/telemesure.com\/index.php\/wp-json\/wp\/v2\/comments?post=92"}],"version-history":[{"count":21,"href":"https:\/\/telemesure.com\/index.php\/wp-json\/wp\/v2\/pages\/92\/revisions"}],"predecessor-version":[{"id":1258,"href":"https:\/\/telemesure.com\/index.php\/wp-json\/wp\/v2\/pages\/92\/revisions\/1258"}],"wp:attachment":[{"href":"https:\/\/telemesure.com\/index.php\/wp-json\/wp\/v2\/media?parent=92"}],"curies":[{"name":"wp","href":"https:\/\/api.w.org\/{rel}","templated":true}]}}